{"id":1043,"date":"2025-10-10T08:52:17","date_gmt":"2025-10-10T06:52:17","guid":{"rendered":"https:\/\/roladesocietalblog.com\/?page_id=1043"},"modified":"2025-10-10T08:52:18","modified_gmt":"2025-10-10T06:52:18","slug":"plus-que-des-regrets","status":"publish","type":"page","link":"https:\/\/roladesocietalblog.com\/?page_id=1043","title":{"rendered":"Plus Que Des Regrets"},"content":{"rendered":"\n<!-- Facebook Like Button Vivacity Infotech BEGIN -->\n<div class=\"fb-like\" data-href=\"https:\/\/roladesocietalblog.com\/?page_id=1043\" data-layout=\"standard\" data-action=\"like\" data-show-faces=\"false\" data-size=\"small\" data-width=\"450\" data-share=\"\" ><\/div>\n<!-- Facebook Like Button Vivacity Infotech END -->\n\n<p>Il l&#8217;a \u00e9pous\u00e9e mais ne se souvient pas de la demande en mariage ; c&#8217;est arriv\u00e9 comme \u00e7a. Ils ont connu l&#8217;excitation b\u00e9ate de tomber amoureux et d&#8217;\u00eatre les parents protecteurs de Grace et Mike. Quinze ans plus tard, ils ne se tiennent plus la main en public et leurs \u00e9l\u00e9gants t\u00e9l\u00e9phones portables ne sont jamais laiss\u00e9s sans surveillance. L&#8217;avalanche de douleurs lancinantes de Grace se poursuit \u00e0 l&#8217;\u00e2ge adulte, et n&#8217;est att\u00e9nu\u00e9e que par l&#8217;apparition enchanteresse dans sa vie d&#8217;un amant attentionn\u00e9 et compr\u00e9hensif. Mike est affol\u00e9 par l&#8217;imminence d&#8217;un drame. Va-t-il se sortir de cette situation p\u00e9rilleuse sans \u00e9gratignure ? Anne est la meilleure protection qui permet \u00e0 Grace de rester saine d&#8217;esprit. Elles sont troubl\u00e9es par la pr\u00e9sence de l&#8217;autre. Qui est le coupable involontaire ?<\/p>\n\n\n\n<figure class=\"wp-block-image size-large\"><a href=\"https:\/\/roladesocietalblog.com\/wp-content\/uploads\/2025\/10\/Plus-Que-Des-Regrets-Display-scaled.jpg\"><img loading=\"lazy\" decoding=\"async\" width=\"768\" height=\"1024\" src=\"https:\/\/roladesocietalblog.com\/wp-content\/uploads\/2025\/10\/Plus-Que-Des-Regrets-Display-768x1024.jpg\" alt=\"\" class=\"wp-image-1044\" srcset=\"https:\/\/roladesocietalblog.com\/wp-content\/uploads\/2025\/10\/Plus-Que-Des-Regrets-Display-768x1024.jpg 768w, https:\/\/roladesocietalblog.com\/wp-content\/uploads\/2025\/10\/Plus-Que-Des-Regrets-Display-225x300.jpg 225w, https:\/\/roladesocietalblog.com\/wp-content\/uploads\/2025\/10\/Plus-Que-Des-Regrets-Display-1152x1536.jpg 1152w, https:\/\/roladesocietalblog.com\/wp-content\/uploads\/2025\/10\/Plus-Que-Des-Regrets-Display-1536x2048.jpg 1536w, https:\/\/roladesocietalblog.com\/wp-content\/uploads\/2025\/10\/Plus-Que-Des-Regrets-Display-scaled.jpg 1920w\" sizes=\"auto, (max-width: 768px) 100vw, 768px\" \/><\/a><\/figure>\n\n\n\n<p>\u2003<\/p>\n","protected":false},"excerpt":{"rendered":"<p>Il l&#8217;a \u00e9pous\u00e9e mais ne se souvient pas de la demande en mariage ; c&#8217;est arriv\u00e9 comme \u00e7a. Ils ont connu l&#8217;excitation b\u00e9ate de tomber amoureux et d&#8217;\u00eatre les parents protecteurs de Grace et Mike. Quinze ans plus tard, ils ne se tiennent plus la main en public et leurs \u00e9l\u00e9gants t\u00e9l\u00e9phones portables ne sont &hellip; <a href=\"https:\/\/roladesocietalblog.com\/?page_id=1043\" class=\"more-link\">Continue reading <span class=\"screen-reader-text\">Plus Que Des Regrets<\/span> <span class=\"meta-nav\">&rarr;<\/span><\/a><\/p>\n","protected":false},"author":1,"featured_media":0,"parent":0,"menu_order":0,"comment_status":"closed","ping_status":"closed","template":"","meta":{"footnotes":""},"class_list":["post-1043","page","type-page","status-publish","hentry"],"jetpack_sharing_enabled":true,"_links":{"self":[{"href":"https:\/\/roladesocietalblog.com\/index.php?rest_route=\/wp\/v2\/pages\/1043","targetHints":{"allow":["GET"]}}],"collection":[{"href":"https:\/\/roladesocietalblog.com\/index.php?rest_route=\/wp\/v2\/pages"}],"about":[{"href":"https:\/\/roladesocietalblog.com\/index.php?rest_route=\/wp\/v2\/types\/page"}],"author":[{"embeddable":true,"href":"https:\/\/roladesocietalblog.com\/index.php?rest_route=\/wp\/v2\/users\/1"}],"replies":[{"embeddable":true,"href":"https:\/\/roladesocietalblog.com\/index.php?rest_route=%2Fwp%2Fv2%2Fcomments&post=1043"}],"version-history":[{"count":1,"href":"https:\/\/roladesocietalblog.com\/index.php?rest_route=\/wp\/v2\/pages\/1043\/revisions"}],"predecessor-version":[{"id":1045,"href":"https:\/\/roladesocietalblog.com\/index.php?rest_route=\/wp\/v2\/pages\/1043\/revisions\/1045"}],"wp:attachment":[{"href":"https:\/\/roladesocietalblog.com\/index.php?rest_route=%2Fwp%2Fv2%2Fmedia&parent=1043"}],"curies":[{"name":"wp","href":"https:\/\/api.w.org\/{rel}","templated":true}]}}