{"id":7,"date":"2014-10-19T13:51:30","date_gmt":"2014-10-19T11:51:30","guid":{"rendered":"http:\/\/u839033161-beingintelligentgifted-com.hostingerapp.com\/?page_id=7"},"modified":"2026-04-13T17:35:59","modified_gmt":"2026-04-13T15:35:59","slug":"author","status":"publish","type":"page","link":"https:\/\/roladesocietalblog.com\/?page_id=7","title":{"rendered":"Author"},"content":{"rendered":"\n<!-- Facebook Like Button Vivacity Infotech BEGIN -->\n<div class=\"fb-like\" data-href=\"https:\/\/roladesocietalblog.com\/?page_id=7\" data-layout=\"standard\" data-action=\"like\" data-show-faces=\"false\" data-size=\"small\" data-width=\"450\" data-share=\"\" ><\/div>\n<!-- Facebook Like Button Vivacity Infotech END -->\n\n<figure class=\"wp-block-image size-full\"><a href=\"https:\/\/roladesocietalblog.com\/wp-content\/uploads\/2026\/04\/WhatsApp-Image-2026-04-12-at-20.20.01-1-scaled.jpeg\"><img loading=\"lazy\" decoding=\"async\" width=\"2560\" height=\"1920\" src=\"https:\/\/roladesocietalblog.com\/wp-content\/uploads\/2026\/04\/WhatsApp-Image-2026-04-12-at-20.20.01-1-scaled.jpeg\" alt=\"\" class=\"wp-image-1115\" srcset=\"https:\/\/roladesocietalblog.com\/wp-content\/uploads\/2026\/04\/WhatsApp-Image-2026-04-12-at-20.20.01-1-scaled.jpeg 2560w, https:\/\/roladesocietalblog.com\/wp-content\/uploads\/2026\/04\/WhatsApp-Image-2026-04-12-at-20.20.01-1-300x225.jpeg 300w, https:\/\/roladesocietalblog.com\/wp-content\/uploads\/2026\/04\/WhatsApp-Image-2026-04-12-at-20.20.01-1-1024x768.jpeg 1024w, https:\/\/roladesocietalblog.com\/wp-content\/uploads\/2026\/04\/WhatsApp-Image-2026-04-12-at-20.20.01-1-768x576.jpeg 768w, https:\/\/roladesocietalblog.com\/wp-content\/uploads\/2026\/04\/WhatsApp-Image-2026-04-12-at-20.20.01-1-1536x1152.jpeg 1536w, https:\/\/roladesocietalblog.com\/wp-content\/uploads\/2026\/04\/WhatsApp-Image-2026-04-12-at-20.20.01-1-2048x1536.jpeg 2048w\" sizes=\"auto, (max-width: 2560px) 100vw, 2560px\" \/><\/a><\/figure>\n\n\n<p>Dr Rolade Berthier lives in France and works as a freelance English language trainer in Luxembourg. She has worked in Asia, Australia, and Europe for universities, research institutions, and government &amp; non-government agencies.<\/p>\n<p>She has written these books: \u201cCross-Cultural Liaison,\u201d \u201cIntelligence, Giftedness: Pre-cradle to Post-grave,\u201d &#8220;A Guide for Everyday Writing,&#8221; &#8220;English Language Lovers&#8221;, and novels (&#8220;Future Perfect&#8221; and &#8220;The Whisper of Regrets&#8221;).<\/p>\n<p>She is the author of several reports and journal articles on social and sociological issues, such as ethnicity and crime, employment of migrant women, and multiculturalism. She possesses a Bachelor of Science in Agricultural Development Education (VSU), Master of Social Planning &amp; Development and Doctor of Philosophy (Sociology ) from The University of Queensland, Australia, and has a French language certificate from Sorbonne University in Paris.<\/p>\n<p>She is the owner of this website.<\/p>\n<p><strong><em><a href=\"https:\/\/roladesocietalblog.com\/wp-content\/uploads\/2024\/03\/Book-2-photo.jpg\"><img loading=\"lazy\" decoding=\"async\" class=\"alignnone size-medium wp-image-874\" src=\"https:\/\/roladesocietalblog.com\/wp-content\/uploads\/2024\/03\/Book-2-photo-165x300.jpg\" alt=\"\" width=\"165\" height=\"300\" srcset=\"https:\/\/roladesocietalblog.com\/wp-content\/uploads\/2024\/03\/Book-2-photo-165x300.jpg 165w, https:\/\/roladesocietalblog.com\/wp-content\/uploads\/2024\/03\/Book-2-photo-768x1399.jpg 768w, https:\/\/roladesocietalblog.com\/wp-content\/uploads\/2024\/03\/Book-2-photo-562x1024.jpg 562w\" sizes=\"auto, (max-width: 165px) 100vw, 165px\" \/><\/a><\/em><\/strong><\/p>\n<p style=\"text-align: center;\"><em>\u201cI found your manuscript both engaging and very informational from start to finish.\u00a0 At times, it was humorous, and I was corrected on my own grammar which was very humbling being a native English speaker.\u00a0 Also, it was humbling because English has been a strong suit in my academics, but I continue to find out how much I did not learn in school as I read different books such as yours\u201d<\/em><strong><em>.<\/em><\/strong> &#8211; J.A. Cox, Beta reader and American writer.<\/p>\n<p style=\"text-align: left;\"><strong>Rolade <\/strong>\u00a0aime \u00e9couter, lire et raconter des histoires. Elle vit en France et est professeur d&#8217;anglais free-lance au Luxembourg. Elle a travaill\u00e9 en Asie, en Australie et en Europe pour des universit\u00e9s, des instituts de recherche, des minist\u00e8res et des organisations \u00e0 but non lucratif.<\/p>\n<p style=\"text-align: left;\">Elle a \u00e9crit <em>The Whisper of Regrets<\/em>, un roman sur les d\u00e9fis contemporains des relations amoureuses, et ouvrages non fictionnels: <em>Journey to the World of Public Service Employment<\/em>; <em>Cross-Cultural Liaison &#8211; An Inconvenient Love<\/em>; <em>Intelligence, Giftedness &#8211; Pre-cradle to Post-grave<\/em>; <em>A Guide for Everyday Writing; et English Language Lovers \u2013 Teaching, Learning and Conversing before and during the pandemic<\/em>.<\/p>\n<p style=\"text-align: left;\">Elle a r\u00e9dig\u00e9 des rapports et des articles de journaux sur des questions sociologiques, telles que l&#8217;ethnicit\u00e9 et la criminalit\u00e9, l&#8217;emploi, les femmes migrantes, l&#8217;immigration et le multiculturalisme.<\/p>\n<p style=\"text-align: left;\">Rolade<a href=\"https:\/\/roladesocietalblog.com\/wp-content\/uploads\/2022\/08\/IMG-2286.jpg\"><img loading=\"lazy\" decoding=\"async\" class=\"alignnone  wp-image-737\" src=\"https:\/\/roladesocietalblog.com\/wp-content\/uploads\/2022\/08\/IMG-2286-145x300.jpg\" alt=\"\" width=\"135\" height=\"279\" srcset=\"https:\/\/roladesocietalblog.com\/wp-content\/uploads\/2022\/08\/IMG-2286-145x300.jpg 145w, https:\/\/roladesocietalblog.com\/wp-content\/uploads\/2022\/08\/IMG-2286-768x1593.jpg 768w, https:\/\/roladesocietalblog.com\/wp-content\/uploads\/2022\/08\/IMG-2286-494x1024.jpg 494w, https:\/\/roladesocietalblog.com\/wp-content\/uploads\/2022\/08\/IMG-2286.jpg 1797w\" sizes=\"auto, (max-width: 135px) 100vw, 135px\" \/><\/a> est titulaire d&#8217;une ma\u00eetrise en planification et d\u00e9veloppement social et d&#8217;un doctorat en philosophie (sociologie) de l&#8217;universit\u00e9 du Queensland, en Australie. Elle est titulaire d&#8217;un certificat de langue fran\u00e7aise de l&#8217;universit\u00e9 de la Sorbonne \u00e0 Paris et apprend actuellement l&#8217;espagnol.<\/p>\n<p style=\"text-align: left;\">Elle est propri\u00e9taire du blog <a href=\"http:\/\/www.roladesocietalblog.com\/\">www.roladesocietalblog.com<\/a>, qui traite de questions culturelles, \u00e9conomiques, politiques et sociales, et est active sur Facebook et Linkedin.<\/p>","protected":false},"excerpt":{"rendered":"<p>Dr Rolade Berthier lives in France and works as a freelance English language trainer in Luxembourg. She has worked in Asia, Australia, and Europe for universities, research institutions, and government &amp; non-government agencies. She has written these books: \u201cCross-Cultural Liaison,\u201d \u201cIntelligence, Giftedness: Pre-cradle to Post-grave,\u201d &#8220;A Guide for Everyday Writing,&#8221; &#8220;English Language Lovers&#8221;, and novels &hellip; <a href=\"https:\/\/roladesocietalblog.com\/?page_id=7\" class=\"more-link\">Continue reading <span class=\"screen-reader-text\">Author<\/span> <span class=\"meta-nav\">&rarr;<\/span><\/a><\/p>\n","protected":false},"author":1,"featured_media":956,"parent":0,"menu_order":0,"comment_status":"open","ping_status":"open","template":"","meta":{"footnotes":""},"class_list":["post-7","page","type-page","status-publish","has-post-thumbnail","hentry"],"jetpack_sharing_enabled":true,"_links":{"self":[{"href":"https:\/\/roladesocietalblog.com\/index.php?rest_route=\/wp\/v2\/pages\/7","targetHints":{"allow":["GET"]}}],"collection":[{"href":"https:\/\/roladesocietalblog.com\/index.php?rest_route=\/wp\/v2\/pages"}],"about":[{"href":"https:\/\/roladesocietalblog.com\/index.php?rest_route=\/wp\/v2\/types\/page"}],"author":[{"embeddable":true,"href":"https:\/\/roladesocietalblog.com\/index.php?rest_route=\/wp\/v2\/users\/1"}],"replies":[{"embeddable":true,"href":"https:\/\/roladesocietalblog.com\/index.php?rest_route=%2Fwp%2Fv2%2Fcomments&post=7"}],"version-history":[{"count":23,"href":"https:\/\/roladesocietalblog.com\/index.php?rest_route=\/wp\/v2\/pages\/7\/revisions"}],"predecessor-version":[{"id":1134,"href":"https:\/\/roladesocietalblog.com\/index.php?rest_route=\/wp\/v2\/pages\/7\/revisions\/1134"}],"wp:featuredmedia":[{"embeddable":true,"href":"https:\/\/roladesocietalblog.com\/index.php?rest_route=\/wp\/v2\/media\/956"}],"wp:attachment":[{"href":"https:\/\/roladesocietalblog.com\/index.php?rest_route=%2Fwp%2Fv2%2Fmedia&parent=7"}],"curies":[{"name":"wp","href":"https:\/\/api.w.org\/{rel}","templated":true}]}}